{"id":90,"date":"2024-09-16T18:14:38","date_gmt":"2024-09-16T18:14:38","guid":{"rendered":"https:\/\/algaefood.eu\/pilots\/"},"modified":"2025-01-07T13:43:46","modified_gmt":"2025-01-07T13:43:46","slug":"projektziele","status":"publish","type":"page","link":"https:\/\/algaefood.eu\/en\/projektziele\/","title":{"rendered":"Project goals"},"content":{"rendered":"\t\t<div data-elementor-type=\"wp-page\" data-elementor-id=\"90\" class=\"elementor elementor-90\" data-elementor-post-type=\"page\">\n\t\t\t\t<div class=\"elementor-element elementor-element-463269f2 e-flex e-con-boxed e-con e-parent\" data-id=\"463269f2\" data-element_type=\"container\" data-e-type=\"container\" data-settings=\"{&quot;background_background&quot;:&quot;classic&quot;,&quot;shape_divider_top&quot;:&quot;mountains&quot;}\">\n\t\t\t\t\t<div class=\"e-con-inner\">\n\t\t\t\t<div class=\"elementor-shape elementor-shape-top\" aria-hidden=\"true\" data-negative=\"false\">\n\t\t\t<svg xmlns=\"http:\/\/www.w3.org\/2000\/svg\" viewBox=\"0 0 1000 100\" preserveAspectRatio=\"none\">\n\t<path class=\"elementor-shape-fill\" opacity=\"0.33\" d=\"M473,67.3c-203.9,88.3-263.1-34-320.3,0C66,119.1,0,59.7,0,59.7V0h1000v59.7 c0,0-62.1,26.1-94.9,29.3c-32.8,3.3-62.8-12.3-75.8-22.1C806,49.6,745.3,8.7,694.9,4.7S492.4,59,473,67.3z\"\/>\n\t<path class=\"elementor-shape-fill\" opacity=\"0.66\" d=\"M734,67.3c-45.5,0-77.2-23.2-129.1-39.1c-28.6-8.7-150.3-10.1-254,39.1 s-91.7-34.4-149.2,0C115.7,118.3,0,39.8,0,39.8V0h1000v36.5c0,0-28.2-18.5-92.1-18.5C810.2,18.1,775.7,67.3,734,67.3z\"\/>\n\t<path class=\"elementor-shape-fill\" d=\"M766.1,28.9c-200-57.5-266,65.5-395.1,19.5C242,1.8,242,5.4,184.8,20.6C128,35.8,132.3,44.9,89.9,52.5C28.6,63.7,0,0,0,0 h1000c0,0-9.9,40.9-83.6,48.1S829.6,47,766.1,28.9z\"\/>\n<\/svg>\t\t<\/div>\n\t\t\t\t<div class=\"elementor-element elementor-element-2210e9eb elementor-widget elementor-widget-heading\" data-id=\"2210e9eb\" data-element_type=\"widget\" data-e-type=\"widget\" data-widget_type=\"heading.default\">\n\t\t\t\t<div class=\"elementor-widget-container\">\n\t\t\t\t\t<h1 class=\"elementor-heading-title elementor-size-default\">Projektziele<\/h1>\t\t\t\t<\/div>\n\t\t\t\t<\/div>\n\t\t\t\t\t<\/div>\n\t\t\t\t<\/div>\n\t\t<div class=\"elementor-element elementor-element-7f26a3af e-flex e-con-boxed e-con e-parent\" data-id=\"7f26a3af\" data-element_type=\"container\" data-e-type=\"container\" data-settings=\"{&quot;background_background&quot;:&quot;classic&quot;}\">\n\t\t\t\t\t<div class=\"e-con-inner\">\n\t\t\t\t<div class=\"elementor-element elementor-element-47018b2e elementor-widget elementor-widget-text-editor\" data-id=\"47018b2e\" data-element_type=\"widget\" data-e-type=\"widget\" data-widget_type=\"text-editor.default\">\n\t\t\t\t<div class=\"elementor-widget-container\">\n\t\t\t\t\t\t\t\t\t<p>AlgaeFood hat drei Hauptziele:<\/p><p><strong>1 &#8211; Nachhaltige Nutzung<\/strong> regionaltypischer Algen f\u00fcr Ern\u00e4hrungszwecke<\/p><p><strong>2 &#8211; Steigerung des Bewusstseins<\/strong> und der Akzeptanz f\u00fcr schmackhafte Algenlebensmittel<\/p><p><strong>3 &#8211; Aufkl\u00e4rung und Bef\u00e4higung<\/strong> zur nachhaltigen Nutzung regionaler Algen f\u00fcr Ern\u00e4hrungszwecke<\/p>\t\t\t\t\t\t\t\t<\/div>\n\t\t\t\t<\/div>\n\t\t\t\t\t<\/div>\n\t\t\t\t<\/div>\n\t\t<div class=\"elementor-element elementor-element-2f47bb87 e-con-full e-flex e-con e-parent\" data-id=\"2f47bb87\" data-element_type=\"container\" data-e-type=\"container\">\n\t\t<div class=\"elementor-element elementor-element-549b9dc e-con-full e-flex e-con e-child\" data-id=\"549b9dc\" data-element_type=\"container\" data-e-type=\"container\" data-settings=\"{&quot;background_background&quot;:&quot;classic&quot;}\">\n\t\t\t\t<div class=\"elementor-element elementor-element-3225c4cc elementor-widget elementor-widget-spacer\" data-id=\"3225c4cc\" data-element_type=\"widget\" data-e-type=\"widget\" data-widget_type=\"spacer.default\">\n\t\t\t\t<div class=\"elementor-widget-container\">\n\t\t\t\t\t\t\t<div class=\"elementor-spacer\">\n\t\t\t<div class=\"elementor-spacer-inner\"><\/div>\n\t\t<\/div>\n\t\t\t\t\t\t<\/div>\n\t\t\t\t<\/div>\n\t\t\t\t<div class=\"elementor-element elementor-element-3a4a1c33 elementor-widget elementor-widget-heading\" data-id=\"3a4a1c33\" data-element_type=\"widget\" data-e-type=\"widget\" data-widget_type=\"heading.default\">\n\t\t\t\t<div class=\"elementor-widget-container\">\n\t\t\t\t\t<h3 class=\"elementor-heading-title elementor-size-default\">1 - Nachhaltige Nutzung<\/h3>\t\t\t\t<\/div>\n\t\t\t\t<\/div>\n\t\t\t\t<div class=\"elementor-element elementor-element-5a9e97c7 elementor-widget elementor-widget-text-editor\" data-id=\"5a9e97c7\" data-element_type=\"widget\" data-e-type=\"widget\" data-widget_type=\"text-editor.default\">\n\t\t\t\t<div class=\"elementor-widget-container\">\n\t\t\t\t\t\t\t\t\t<h4><em>Partner<br \/><\/em><\/h4><p>CRM \u2013 Coastal Research &amp; Management<\/p><h4><br \/><em style=\"font-family: -apple-system, BlinkMacSystemFont, 'Segoe UI', Roboto, 'Helvetica Neue', Arial, 'Noto Sans', sans-serif, 'Apple Color Emoji', 'Segoe UI Emoji', 'Segoe UI Symbol', 'Noto Color Emoji';\">Zielgruppen<\/em><\/h4><p>Breite \u00d6ffentlichkeit, Wissenschaftler, Beh\u00f6rden<\/p><h4><em><br \/>Teilziel<\/em><\/h4><p>Makroalgen von der d\u00e4nischen\/schleswig-holsteinischen K\u00fcste haben ein bisher ungenutztes Potenzial, zu einer gesunden und nachhaltigen Ern\u00e4hrung beizutragen. Dar\u00fcber hinaus bietet die nachhaltige Nutzung von Algen viele \u00d6kosystemleistungen (z. B. Klimaschutz und N\u00e4hrstoffr\u00fcckhalt), da sie eine grundlegende Rolle in K\u00fcsten- und Meeres\u00f6kosystemen spielen.<\/p><h4><em><br \/>Ergebnisse<\/em><\/h4><ul><li><strong>Sammlung wissenschaftlicher Informationen<\/strong> \u00fcber die auf Algen basierenden K\u00fcstenbiotope in unserer Region, Bewertung der \u00d6kosystemleistungen, die von diesen Biotopen erbracht werden, und \u201e\u00dcbersetzung\u201c dieser Daten und Informationen f\u00fcr die \u00d6ffentlichkeit<\/li><li><strong>Erstellung einer Liste von essbaren Algen aus der<\/strong> <strong>Region<\/strong>, inklusive Eigenschaften und N\u00e4hrwerte<\/li><li><strong>Vorschl\u00e4ge f\u00fcr intelligente Kombinationen von Renaturierung und Nutzung<\/strong>, z. B. durch die Einf\u00fchrung nat\u00fcrlicher Hartsubstrate und durch die Integration dieser Ma\u00dfnahmen in bestehende Renaturierungskonzepte<\/li><\/ul>\t\t\t\t\t\t\t\t<\/div>\n\t\t\t\t<\/div>\n\t\t\t\t<div class=\"elementor-element elementor-element-7557c2cf elementor-widget elementor-widget-spacer\" data-id=\"7557c2cf\" data-element_type=\"widget\" data-e-type=\"widget\" data-widget_type=\"spacer.default\">\n\t\t\t\t<div class=\"elementor-widget-container\">\n\t\t\t\t\t\t\t<div class=\"elementor-spacer\">\n\t\t\t<div class=\"elementor-spacer-inner\"><\/div>\n\t\t<\/div>\n\t\t\t\t\t\t<\/div>\n\t\t\t\t<\/div>\n\t\t\t\t<\/div>\n\t\t<div class=\"elementor-element elementor-element-994dfc2 e-con-full e-flex e-con e-child\" data-id=\"994dfc2\" data-element_type=\"container\" data-e-type=\"container\" data-settings=\"{&quot;background_background&quot;:&quot;classic&quot;}\">\n\t\t\t\t<div class=\"elementor-element elementor-element-2492a49a elementor-widget elementor-widget-spacer\" data-id=\"2492a49a\" data-element_type=\"widget\" data-e-type=\"widget\" data-widget_type=\"spacer.default\">\n\t\t\t\t<div class=\"elementor-widget-container\">\n\t\t\t\t\t\t\t<div class=\"elementor-spacer\">\n\t\t\t<div class=\"elementor-spacer-inner\"><\/div>\n\t\t<\/div>\n\t\t\t\t\t\t<\/div>\n\t\t\t\t<\/div>\n\t\t\t\t<\/div>\n\t\t<div class=\"elementor-element elementor-element-6e9c2b60 e-con-full e-flex e-con e-child\" data-id=\"6e9c2b60\" data-element_type=\"container\" data-e-type=\"container\" data-settings=\"{&quot;background_background&quot;:&quot;classic&quot;}\">\n\t\t\t\t<div class=\"elementor-element elementor-element-4044985c elementor-widget elementor-widget-spacer\" data-id=\"4044985c\" data-element_type=\"widget\" data-e-type=\"widget\" data-widget_type=\"spacer.default\">\n\t\t\t\t<div class=\"elementor-widget-container\">\n\t\t\t\t\t\t\t<div class=\"elementor-spacer\">\n\t\t\t<div class=\"elementor-spacer-inner\"><\/div>\n\t\t<\/div>\n\t\t\t\t\t\t<\/div>\n\t\t\t\t<\/div>\n\t\t\t\t<\/div>\n\t\t<div class=\"elementor-element elementor-element-5503392c e-con-full e-flex e-con e-child\" data-id=\"5503392c\" data-element_type=\"container\" data-e-type=\"container\" data-settings=\"{&quot;background_background&quot;:&quot;classic&quot;}\">\n\t\t\t\t<div class=\"elementor-element elementor-element-5cdab6fc elementor-widget elementor-widget-spacer\" data-id=\"5cdab6fc\" data-element_type=\"widget\" data-e-type=\"widget\" data-widget_type=\"spacer.default\">\n\t\t\t\t<div class=\"elementor-widget-container\">\n\t\t\t\t\t\t\t<div class=\"elementor-spacer\">\n\t\t\t<div class=\"elementor-spacer-inner\"><\/div>\n\t\t<\/div>\n\t\t\t\t\t\t<\/div>\n\t\t\t\t<\/div>\n\t\t\t\t<div class=\"elementor-element elementor-element-a6319d0 elementor-widget elementor-widget-heading\" data-id=\"a6319d0\" data-element_type=\"widget\" data-e-type=\"widget\" data-widget_type=\"heading.default\">\n\t\t\t\t<div class=\"elementor-widget-container\">\n\t\t\t\t\t<h3 class=\"elementor-heading-title elementor-size-default\">2 - Steigerung des Bewusstseins<\/h3>\t\t\t\t<\/div>\n\t\t\t\t<\/div>\n\t\t\t\t<div class=\"elementor-element elementor-element-4435d89e elementor-widget elementor-widget-text-editor\" data-id=\"4435d89e\" data-element_type=\"widget\" data-e-type=\"widget\" data-widget_type=\"text-editor.default\">\n\t\t\t\t<div class=\"elementor-widget-container\">\n\t\t\t\t\t\t\t\t\t<h4><em>Partner<\/em>\u00a0\u00a0<\/h4><p>oceanBASIS GmbH<br \/><br \/><\/p><h4><em>Zielgruppen<\/em><\/h4><p>Staatsb\u00fcrger, Auszubildende, regionale Lebensmittelhersteller und Gesch\u00e4fte<br \/><br \/><\/p><h4><em>Teilziel<\/em><\/h4><p>Algen als Lebensmittel sind noch nicht in der Gesellschaft angekommen. Unter Bezugnahme auf die Lebensmittelwirtschaft im Rahmen der gemeinsamen St\u00e4rkepositionen des Interreg-Raums entwickeln und implementieren wir in diesem Teilziel Marketingkonzepte, um Algen als Lebensmittel einer breiten \u00d6ffentlichkeit vorzustellen und aus der Nische herauszuf\u00fchren.<br \/><br \/><\/p><h4><em>Ergebnisse<\/em><\/h4><ul><li><strong>Zusammenarbeit mit regionalen Lebensmittelherstellern<\/strong>, die Algen in ihren Produkten zu verwenden<\/li><li><strong>Rezepte und Informationen<\/strong> rund um Algen werden durch ansprechende und anschauliche Aktionen auf Social Media Plattformen verbreitet<\/li><li><strong>Ein traditionelles Gericht<\/strong>, das Algen und traditionelle Komponenten aus DE und DK enth\u00e4lt.<\/li><li><strong>Kochkurse<\/strong> in Zusammenarbeit mit regionalen Restaurants und K\u00f6chen<\/li><li><strong>Kochveranstaltungen<\/strong> f\u00fcr die interessierte \u00d6ffentlichkeit durch, bei denen K\u00f6che als Multiplikatoren mit Algen kochen.<\/li><li><strong>Informationsmaterial<\/strong> wie Brosch\u00fcren, Infotafeln an beliebten Orten und Website-Inhalte sollen die Vielfalt der Aktivit\u00e4ten erg\u00e4nzen.<\/li><\/ul>\t\t\t\t\t\t\t\t<\/div>\n\t\t\t\t<\/div>\n\t\t\t\t<div class=\"elementor-element elementor-element-3f5e5193 elementor-widget elementor-widget-spacer\" data-id=\"3f5e5193\" data-element_type=\"widget\" data-e-type=\"widget\" data-widget_type=\"spacer.default\">\n\t\t\t\t<div class=\"elementor-widget-container\">\n\t\t\t\t\t\t\t<div class=\"elementor-spacer\">\n\t\t\t<div class=\"elementor-spacer-inner\"><\/div>\n\t\t<\/div>\n\t\t\t\t\t\t<\/div>\n\t\t\t\t<\/div>\n\t\t\t\t<\/div>\n\t\t<div class=\"elementor-element elementor-element-477d66fc e-con-full e-flex e-con e-child\" data-id=\"477d66fc\" data-element_type=\"container\" data-e-type=\"container\" data-settings=\"{&quot;background_background&quot;:&quot;classic&quot;}\">\n\t\t\t\t<div class=\"elementor-element elementor-element-55d302b5 elementor-widget elementor-widget-spacer\" data-id=\"55d302b5\" data-element_type=\"widget\" data-e-type=\"widget\" data-widget_type=\"spacer.default\">\n\t\t\t\t<div class=\"elementor-widget-container\">\n\t\t\t\t\t\t\t<div class=\"elementor-spacer\">\n\t\t\t<div class=\"elementor-spacer-inner\"><\/div>\n\t\t<\/div>\n\t\t\t\t\t\t<\/div>\n\t\t\t\t<\/div>\n\t\t\t\t<div class=\"elementor-element elementor-element-78b5288a elementor-widget elementor-widget-heading\" data-id=\"78b5288a\" data-element_type=\"widget\" data-e-type=\"widget\" data-widget_type=\"heading.default\">\n\t\t\t\t<div class=\"elementor-widget-container\">\n\t\t\t\t\t<h3 class=\"elementor-heading-title elementor-size-default\">3 - Aufkl\u00e4rung und Bef\u00e4higung<\/h3>\t\t\t\t<\/div>\n\t\t\t\t<\/div>\n\t\t\t\t<div class=\"elementor-element elementor-element-386c1964 elementor-widget elementor-widget-text-editor\" data-id=\"386c1964\" data-element_type=\"widget\" data-e-type=\"widget\" data-widget_type=\"text-editor.default\">\n\t\t\t\t<div class=\"elementor-widget-container\">\n\t\t\t\t\t\t\t\t\t<h4><em>Partner<\/em>\u00a0<\/h4><p>Fjord &amp; B\u00e6lt<br \/><br \/><\/p><h4><em>Zielgruppen<\/em><\/h4><p>Schulen, Eltern<br \/><br \/><\/p><h4><em>Teilziel<\/em><\/h4><p>Dieses Teilziel konzentriert sich auf grenz\u00fcberschreitende Aktivit\u00e4ten in den Bereichen Bildung und St\u00e4rkung des lokalen Engagements, um bei allen Zielgruppen ein Interesse an Meeresalgen zu wecken. Gemeinsam sollen diese Gruppen ein Interesse an der nachhaltigen Nutzung von Meeresalgen in den K\u00fcstengebieten entwickeln, z.B. durch die Entwicklung von Produkten und die Beteiligung an (grenz\u00fcberschreitenden) Netzwerkaktivit\u00e4ten, die \u00fcber den Projektzeitraum hinausgehen k\u00f6nnen.<br \/><br \/><\/p><h4><em>Ergebnisse<\/em><\/h4><ul><li data-leveltext=\"\uf0b7\" data-font=\"Symbol\" data-listid=\"8\" data-list-defn-props=\"{&quot;335551671&quot;:21,&quot;335552541&quot;:1,&quot;335559685&quot;:1080,&quot;335559991&quot;:360,&quot;469769226&quot;:&quot;Symbol&quot;,&quot;469769242&quot;:[8226],&quot;469777803&quot;:&quot;left&quot;,&quot;469777804&quot;:&quot;\uf0b7&quot;,&quot;469777815&quot;:&quot;hybridMultilevel&quot;}\" aria-setsize=\"-1\" data-aria-posinset=\"31\" data-aria-level=\"1\"><strong>Entwicklung eines &#8222;Train-the-trainer&#8220;-Konzepts<\/strong> f\u00fcr Berufsschulen und Schulen<\/li><li data-leveltext=\"\uf0b7\" data-font=\"Symbol\" data-listid=\"8\" data-list-defn-props=\"{&quot;335551671&quot;:21,&quot;335552541&quot;:1,&quot;335559685&quot;:1080,&quot;335559991&quot;:360,&quot;469769226&quot;:&quot;Symbol&quot;,&quot;469769242&quot;:[8226],&quot;469777803&quot;:&quot;left&quot;,&quot;469777804&quot;:&quot;\uf0b7&quot;,&quot;469777815&quot;:&quot;hybridMultilevel&quot;}\" aria-setsize=\"-1\" data-aria-posinset=\"31\" data-aria-level=\"1\"><strong>Entwicklung von Lernmaterial<\/strong> f\u00fcr Lehrer,\u00a0um das Thema Algen in den Schulalltag zu integrieren<\/li><li data-leveltext=\"\uf0b7\" data-font=\"Symbol\" data-listid=\"8\" data-list-defn-props=\"{&quot;335551671&quot;:21,&quot;335552541&quot;:1,&quot;335559685&quot;:1080,&quot;335559991&quot;:360,&quot;469769226&quot;:&quot;Symbol&quot;,&quot;469769242&quot;:[8226],&quot;469777803&quot;:&quot;left&quot;,&quot;469777804&quot;:&quot;\uf0b7&quot;,&quot;469777815&quot;:&quot;hybridMultilevel&quot;}\" aria-setsize=\"-1\" data-aria-posinset=\"31\" data-aria-level=\"1\"><strong>Workshops, Schulausfl\u00fcge und Austausch<\/strong> als Erlebnisp\u00e4dagogik<\/li><\/ul>\t\t\t\t\t\t\t\t<\/div>\n\t\t\t\t<\/div>\n\t\t\t\t<div class=\"elementor-element elementor-element-33f9cc58 elementor-widget elementor-widget-spacer\" data-id=\"33f9cc58\" data-element_type=\"widget\" data-e-type=\"widget\" data-widget_type=\"spacer.default\">\n\t\t\t\t<div class=\"elementor-widget-container\">\n\t\t\t\t\t\t\t<div class=\"elementor-spacer\">\n\t\t\t<div class=\"elementor-spacer-inner\"><\/div>\n\t\t<\/div>\n\t\t\t\t\t\t<\/div>\n\t\t\t\t<\/div>\n\t\t\t\t<\/div>\n\t\t<div class=\"elementor-element elementor-element-3583ebb1 e-con-full e-flex e-con e-child\" data-id=\"3583ebb1\" data-element_type=\"container\" data-e-type=\"container\" data-settings=\"{&quot;background_background&quot;:&quot;classic&quot;}\">\n\t\t\t\t<div class=\"elementor-element elementor-element-17887232 elementor-widget elementor-widget-spacer\" data-id=\"17887232\" data-element_type=\"widget\" data-e-type=\"widget\" data-widget_type=\"spacer.default\">\n\t\t\t\t<div class=\"elementor-widget-container\">\n\t\t\t\t\t\t\t<div class=\"elementor-spacer\">\n\t\t\t<div class=\"elementor-spacer-inner\"><\/div>\n\t\t<\/div>\n\t\t\t\t\t\t<\/div>\n\t\t\t\t<\/div>\n\t\t\t\t<\/div>\n\t\t\t\t<\/div>\n\t\t\t\t<\/div>\n\t\t","protected":false},"excerpt":{"rendered":"<p>AlgaeFood hat drei Hauptziele: 1 &#8211; Nachhaltige Nutzung regionaltypischer Algen f\u00fcr Ern\u00e4hrungszwecke 2 &#8211; Steigerung des Bewusstseins und der Akzeptanz f\u00fcr schmackhafte Algenlebensmittel 3 &#8211; Aufkl\u00e4rung und Bef\u00e4higung zur nachhaltigen [&hellip;]<\/p>\n","protected":false},"author":1,"featured_media":0,"parent":0,"menu_order":0,"comment_status":"closed","ping_status":"closed","template":"elementor_header_footer","meta":{"footnotes":""},"class_list":["post-90","page","type-page","status-publish","hentry"],"yoast_head":"<!-- This site is optimized with the Yoast SEO plugin v27.4 - https:\/\/yoast.com\/product\/yoast-seo-wordpress\/ -->\n<title>Projektziele | AlgaeFood<\/title>\n<meta name=\"robots\" content=\"index, follow, max-snippet:-1, max-image-preview:large, max-video-preview:-1\" \/>\n<link rel=\"canonical\" href=\"https:\/\/algaefood.eu\/en\/projektziele\/\" \/>\n<meta property=\"og:locale\" content=\"en_GB\" \/>\n<meta property=\"og:type\" content=\"article\" \/>\n<meta property=\"og:title\" content=\"Projektziele | AlgaeFood\" \/>\n<meta property=\"og:description\" content=\"AlgaeFood hat drei Hauptziele: 1 &#8211; Nachhaltige Nutzung regionaltypischer Algen f\u00fcr Ern\u00e4hrungszwecke 2 &#8211; Steigerung des Bewusstseins und der Akzeptanz f\u00fcr schmackhafte Algenlebensmittel 3 &#8211; Aufkl\u00e4rung und Bef\u00e4higung zur nachhaltigen [&hellip;]\" \/>\n<meta property=\"og:url\" content=\"https:\/\/algaefood.eu\/en\/projektziele\/\" \/>\n<meta property=\"og:site_name\" content=\"AlgaeFood\" \/>\n<meta property=\"article:modified_time\" content=\"2025-01-07T13:43:46+00:00\" \/>\n<meta name=\"twitter:card\" content=\"summary_large_image\" \/>\n<meta name=\"twitter:label1\" content=\"Estimated reading time\" \/>\n\t<meta name=\"twitter:data1\" content=\"2 minutes\" \/>\n<script type=\"application\/ld+json\" class=\"yoast-schema-graph\">{\"@context\":\"https:\\\/\\\/schema.org\",\"@graph\":[{\"@type\":\"WebPage\",\"@id\":\"https:\\\/\\\/algaefood.eu\\\/projektziele\\\/\",\"url\":\"https:\\\/\\\/algaefood.eu\\\/projektziele\\\/\",\"name\":\"Projektziele | AlgaeFood\",\"isPartOf\":{\"@id\":\"https:\\\/\\\/algaefood.eu\\\/#website\"},\"datePublished\":\"2024-09-16T18:14:38+00:00\",\"dateModified\":\"2025-01-07T13:43:46+00:00\",\"breadcrumb\":{\"@id\":\"https:\\\/\\\/algaefood.eu\\\/projektziele\\\/#breadcrumb\"},\"inLanguage\":\"en-GB\",\"potentialAction\":[{\"@type\":\"ReadAction\",\"target\":[\"https:\\\/\\\/algaefood.eu\\\/projektziele\\\/\"]}]},{\"@type\":\"BreadcrumbList\",\"@id\":\"https:\\\/\\\/algaefood.eu\\\/projektziele\\\/#breadcrumb\",\"itemListElement\":[{\"@type\":\"ListItem\",\"position\":1,\"name\":\"Home\",\"item\":\"https:\\\/\\\/algaefood.eu\\\/\"},{\"@type\":\"ListItem\",\"position\":2,\"name\":\"Projektziele\"}]},{\"@type\":\"WebSite\",\"@id\":\"https:\\\/\\\/algaefood.eu\\\/#website\",\"url\":\"https:\\\/\\\/algaefood.eu\\\/\",\"name\":\"AlgaeFood\",\"description\":\"AlgaeFood | Algenfutter | Algemad\",\"publisher\":{\"@id\":\"https:\\\/\\\/algaefood.eu\\\/#organization\"},\"alternateName\":\"Algae Food\",\"potentialAction\":[{\"@type\":\"SearchAction\",\"target\":{\"@type\":\"EntryPoint\",\"urlTemplate\":\"https:\\\/\\\/algaefood.eu\\\/?s={search_term_string}\"},\"query-input\":{\"@type\":\"PropertyValueSpecification\",\"valueRequired\":true,\"valueName\":\"search_term_string\"}}],\"inLanguage\":\"en-GB\"},{\"@type\":\"Organization\",\"@id\":\"https:\\\/\\\/algaefood.eu\\\/#organization\",\"name\":\"Algae Food Project\",\"url\":\"https:\\\/\\\/algaefood.eu\\\/\",\"logo\":{\"@type\":\"ImageObject\",\"inLanguage\":\"en-GB\",\"@id\":\"https:\\\/\\\/algaefood.eu\\\/#\\\/schema\\\/logo\\\/image\\\/\",\"url\":\"https:\\\/\\\/algaefood.eu\\\/wp-content\\\/uploads\\\/2024\\\/09\\\/AlgaeFood-Logo-green1-circle.png\",\"contentUrl\":\"https:\\\/\\\/algaefood.eu\\\/wp-content\\\/uploads\\\/2024\\\/09\\\/AlgaeFood-Logo-green1-circle.png\",\"width\":560,\"height\":530,\"caption\":\"Algae Food Project\"},\"image\":{\"@id\":\"https:\\\/\\\/algaefood.eu\\\/#\\\/schema\\\/logo\\\/image\\\/\"},\"sameAs\":[\"https:\\\/\\\/www.instagram.com\\\/algaefood_interreg\\\/\"]}]}<\/script>\n<!-- \/ Yoast SEO plugin. -->","yoast_head_json":{"title":"Project goals | AlgaeFood","robots":{"index":"index","follow":"follow","max-snippet":"max-snippet:-1","max-image-preview":"max-image-preview:large","max-video-preview":"max-video-preview:-1"},"canonical":"https:\/\/algaefood.eu\/en\/projektziele\/","og_locale":"en_GB","og_type":"article","og_title":"Projektziele | AlgaeFood","og_description":"AlgaeFood hat drei Hauptziele: 1 &#8211; Nachhaltige Nutzung regionaltypischer Algen f\u00fcr Ern\u00e4hrungszwecke 2 &#8211; Steigerung des Bewusstseins und der Akzeptanz f\u00fcr schmackhafte Algenlebensmittel 3 &#8211; Aufkl\u00e4rung und Bef\u00e4higung zur nachhaltigen [&hellip;]","og_url":"https:\/\/algaefood.eu\/en\/projektziele\/","og_site_name":"AlgaeFood","article_modified_time":"2025-01-07T13:43:46+00:00","twitter_card":"summary_large_image","twitter_misc":{"Estimated reading time":"2 minutes"},"schema":{"@context":"https:\/\/schema.org","@graph":[{"@type":"WebPage","@id":"https:\/\/algaefood.eu\/projektziele\/","url":"https:\/\/algaefood.eu\/projektziele\/","name":"Project goals | AlgaeFood","isPartOf":{"@id":"https:\/\/algaefood.eu\/#website"},"datePublished":"2024-09-16T18:14:38+00:00","dateModified":"2025-01-07T13:43:46+00:00","breadcrumb":{"@id":"https:\/\/algaefood.eu\/projektziele\/#breadcrumb"},"inLanguage":"en-GB","potentialAction":[{"@type":"ReadAction","target":["https:\/\/algaefood.eu\/projektziele\/"]}]},{"@type":"BreadcrumbList","@id":"https:\/\/algaefood.eu\/projektziele\/#breadcrumb","itemListElement":[{"@type":"ListItem","position":1,"name":"Home","item":"https:\/\/algaefood.eu\/"},{"@type":"ListItem","position":2,"name":"Projektziele"}]},{"@type":"WebSite","@id":"https:\/\/algaefood.eu\/#website","url":"https:\/\/algaefood.eu\/","name":"AlgaeFood","description":"AlgaeFood | Algae Food | Algemad","publisher":{"@id":"https:\/\/algaefood.eu\/#organization"},"alternateName":"Algae Food","potentialAction":[{"@type":"SearchAction","target":{"@type":"EntryPoint","urlTemplate":"https:\/\/algaefood.eu\/?s={search_term_string}"},"query-input":{"@type":"PropertyValueSpecification","valueRequired":true,"valueName":"search_term_string"}}],"inLanguage":"en-GB"},{"@type":"Organization","@id":"https:\/\/algaefood.eu\/#organization","name":"Algae Food Project","url":"https:\/\/algaefood.eu\/","logo":{"@type":"ImageObject","inLanguage":"en-GB","@id":"https:\/\/algaefood.eu\/#\/schema\/logo\/image\/","url":"https:\/\/algaefood.eu\/wp-content\/uploads\/2024\/09\/AlgaeFood-Logo-green1-circle.png","contentUrl":"https:\/\/algaefood.eu\/wp-content\/uploads\/2024\/09\/AlgaeFood-Logo-green1-circle.png","width":560,"height":530,"caption":"Algae Food Project"},"image":{"@id":"https:\/\/algaefood.eu\/#\/schema\/logo\/image\/"},"sameAs":["https:\/\/www.instagram.com\/algaefood_interreg\/"]}]}},"_links":{"self":[{"href":"https:\/\/algaefood.eu\/en\/wp-json\/wp\/v2\/pages\/90","targetHints":{"allow":["GET"]}}],"collection":[{"href":"https:\/\/algaefood.eu\/en\/wp-json\/wp\/v2\/pages"}],"about":[{"href":"https:\/\/algaefood.eu\/en\/wp-json\/wp\/v2\/types\/page"}],"author":[{"embeddable":true,"href":"https:\/\/algaefood.eu\/en\/wp-json\/wp\/v2\/users\/1"}],"replies":[{"embeddable":true,"href":"https:\/\/algaefood.eu\/en\/wp-json\/wp\/v2\/comments?post=90"}],"version-history":[{"count":10,"href":"https:\/\/algaefood.eu\/en\/wp-json\/wp\/v2\/pages\/90\/revisions"}],"predecessor-version":[{"id":1210,"href":"https:\/\/algaefood.eu\/en\/wp-json\/wp\/v2\/pages\/90\/revisions\/1210"}],"wp:attachment":[{"href":"https:\/\/algaefood.eu\/en\/wp-json\/wp\/v2\/media?parent=90"}],"curies":[{"name":"wp","href":"https:\/\/api.w.org\/{rel}","templated":true}]}}